{"id":449,"date":"2022-09-28T23:00:59","date_gmt":"2022-09-28T23:00:59","guid":{"rendered":"https:\/\/avo6.com\/?page_id=449"},"modified":"2022-09-28T23:00:59","modified_gmt":"2022-09-28T23:00:59","slug":"politique-de-confidentialite","status":"publish","type":"page","link":"https:\/\/avo6.com\/?page_id=449","title":{"rendered":"Politique de confidentialit\u00e9"},"content":{"rendered":"\n<p><strong>Votre vie priv\u00e9e<\/strong><\/p>\n\n\n\n<p>Votre vie priv\u00e9e est importante pour nous. Afin de mieux prot\u00e9ger votre vie priv\u00e9e, nous fournissons cet avis expliquant nos pratiques en mati\u00e8re d&rsquo;informations en ligne et les choix que vous pouvez faire sur la mani\u00e8re dont vos informations sont collect\u00e9es et utilis\u00e9es.<\/p>\n\n\n\n<p>Pour rendre cet avis facile \u00e0 trouver, nous le rendons disponible sur notre page d&rsquo;accueil et \u00e0 chaque point o\u00f9 des informations personnellement identifiables peuvent \u00eatre demand\u00e9es.<\/p>\n\n\n\n<p><strong>Collecte de renseignements personnels<\/strong><\/p>\n\n\n\n<p>Lors de la visite de Avo6.com, l&rsquo;adresse IP utilis\u00e9e pour acc\u00e9der au site sera enregistr\u00e9e avec les dates et heures d&rsquo;acc\u00e8s. Ces informations sont uniquement utilis\u00e9es pour analyser les tendances, administrer le site, suivre les mouvements des utilisateurs et recueillir des informations d\u00e9mographiques g\u00e9n\u00e9rales \u00e0 usage interne. Plus important encore, les adresses IP enregistr\u00e9es ne sont pas li\u00e9es \u00e0 des informations personnellement identifiables.<\/p>\n\n\n\n<p><strong>Liens vers des sites Web tiers<\/strong><\/p>\n\n\n\n<p>Nous avons inclus des liens sur ce site pour votre usage et r\u00e9f\u00e9rence. Nous ne sommes pas responsables des politiques de confidentialit\u00e9 de ces sites Web. Vous devez savoir que les politiques de confidentialit\u00e9 de ces sites peuvent diff\u00e9rer des n\u00f4tres.<\/p>\n\n\n\n<p><strong>Modifications de cette d\u00e9claration de confidentialit\u00e9<\/strong><\/p>\n\n\n\n<p>Le contenu de cette d\u00e9claration peut \u00eatre modifi\u00e9 \u00e0 tout moment, \u00e0 notre discr\u00e9tion. Si vous avez des questions concernant la politique de confidentialit\u00e9 du Avo6.com, vous pouvez nous contacter via notre formulaire de contact.<\/p>\n","protected":false},"excerpt":{"rendered":"<p>Votre vie priv\u00e9e Votre vie priv\u00e9e est importante pour nous. Afin de mieux prot\u00e9ger votre vie priv\u00e9e, nous fournissons cet&hellip;<\/p>\n","protected":false},"author":1,"featured_media":0,"parent":0,"menu_order":0,"comment_status":"closed","ping_status":"closed","template":"","meta":{"om_disable_all_campaigns":false,"_monsterinsights_skip_tracking":false,"_monsterinsights_sitenote_active":false,"_monsterinsights_sitenote_note":"","_monsterinsights_sitenote_category":0},"aioseo_notices":[],"_links":{"self":[{"href":"https:\/\/avo6.com\/index.php?rest_route=\/wp\/v2\/pages\/449"}],"collection":[{"href":"https:\/\/avo6.com\/index.php?rest_route=\/wp\/v2\/pages"}],"about":[{"href":"https:\/\/avo6.com\/index.php?rest_route=\/wp\/v2\/types\/page"}],"author":[{"embeddable":true,"href":"https:\/\/avo6.com\/index.php?rest_route=\/wp\/v2\/users\/1"}],"replies":[{"embeddable":true,"href":"https:\/\/avo6.com\/index.php?rest_route=%2Fwp%2Fv2%2Fcomments&post=449"}],"version-history":[{"count":1,"href":"https:\/\/avo6.com\/index.php?rest_route=\/wp\/v2\/pages\/449\/revisions"}],"predecessor-version":[{"id":450,"href":"https:\/\/avo6.com\/index.php?rest_route=\/wp\/v2\/pages\/449\/revisions\/450"}],"wp:attachment":[{"href":"https:\/\/avo6.com\/index.php?rest_route=%2Fwp%2Fv2%2Fmedia&parent=449"}],"curies":[{"name":"wp","href":"https:\/\/api.w.org\/{rel}","templated":true}]}}